{"id":234,"date":"2021-01-15T15:50:04","date_gmt":"2021-01-15T15:50:04","guid":{"rendered":"https:\/\/kplano.com\/site\/?page_id=234"},"modified":"2021-01-15T16:30:11","modified_gmt":"2021-01-15T16:30:11","slug":"kplano-projetos-realizados","status":"publish","type":"page","link":"https:\/\/kplano.com\/site\/?page_id=234","title":{"rendered":"kplano. projetos realizados"},"content":{"rendered":"\n<div class=\"wp-block-columns\">\n<div class=\"wp-block-column is-vertically-aligned-top\" style=\"flex-basis:100%\">\n<div class=\"wp-block-columns\">\n<div class=\"wp-block-column\" style=\"flex-basis:33.33%\">\n<figure class=\"wp-block-table alignleft\"><table><tbody><tr><td class=\"has-text-align-right\" data-align=\"right\"><strong>projetos<\/strong><\/td><\/tr><tr><td class=\"has-text-align-right\" data-align=\"right\">conce\u00e7\u00e3o<br>execu\u00e7\u00e3o <\/td><\/tr><tr><td class=\"has-text-align-right\" data-align=\"right\">coordena\u00e7\u00e3o<br>fiscaliza\u00e7\u00e3o<\/td><\/tr><\/tbody><\/table><\/figure>\n<\/div>\n\n\n\n<div class=\"wp-block-column\" style=\"flex-basis:80%\">\n<div class=\"_df_thumb \" id=\"df_129\"  data-title=\"projetos\" _slug=\"projetos\" wpoptions=\"true\" thumb=\"https:\/\/kplano.com\/site\/wp-content\/uploads\/2021\/01\/capa-2.jpg\" thumbtype=\"bg\" >projetos<\/div><script class=\"df-shortcode-script\" type=\"application\/javascript\">window.option_df_129 = {\"outline\":[],\"forceFit\":\"true\",\"autoEnableOutline\":\"false\",\"autoEnableThumbnail\":\"false\",\"overwritePDFOutline\":\"false\",\"direction\":\"1\",\"pageSize\":\"0\",\"controlsPosition\":\"bottom\",\"source\":[\"https:\\\/\\\/kplano.com\\\/site\\\/wp-content\\\/uploads\\\/2021\\\/01\\\/capa-2.jpg\",\"https:\\\/\\\/kplano.com\\\/site\\\/wp-content\\\/uploads\\\/2021\\\/01\\\/page1_old.jpg\",\"https:\\\/\\\/kplano.com\\\/site\\\/wp-content\\\/uploads\\\/2021\\\/01\\\/page2.jpg\",\"https:\\\/\\\/kplano.com\\\/site\\\/wp-content\\\/uploads\\\/2021\\\/01\\\/page3.jpg\",\"https:\\\/\\\/kplano.com\\\/site\\\/wp-content\\\/uploads\\\/2021\\\/01\\\/page4.jpg\",\"https:\\\/\\\/kplano.com\\\/site\\\/wp-content\\\/uploads\\\/2021\\\/01\\\/page5.jpg\",\"https:\\\/\\\/kplano.com\\\/site\\\/wp-content\\\/uploads\\\/2021\\\/01\\\/page6.jpg\",\"https:\\\/\\\/kplano.com\\\/site\\\/wp-content\\\/uploads\\\/2021\\\/01\\\/page7.jpg\",\"https:\\\/\\\/kplano.com\\\/site\\\/wp-content\\\/uploads\\\/2021\\\/01\\\/page8.jpg\",\"https:\\\/\\\/kplano.com\\\/site\\\/wp-content\\\/uploads\\\/2021\\\/01\\\/page9.jpg\",\"https:\\\/\\\/kplano.com\\\/site\\\/wp-content\\\/uploads\\\/2021\\\/01\\\/page10.jpg\",\"https:\\\/\\\/kplano.com\\\/site\\\/wp-content\\\/uploads\\\/2021\\\/01\\\/page11.jpg\",\"https:\\\/\\\/kplano.com\\\/site\\\/wp-content\\\/uploads\\\/2021\\\/01\\\/page12.jpg\",\"https:\\\/\\\/kplano.com\\\/site\\\/wp-content\\\/uploads\\\/2021\\\/01\\\/page13.jpg\",\"https:\\\/\\\/kplano.com\\\/site\\\/wp-content\\\/uploads\\\/2021\\\/01\\\/page14.jpg\",\"https:\\\/\\\/kplano.com\\\/site\\\/wp-content\\\/uploads\\\/2021\\\/01\\\/page15.jpg\",\"https:\\\/\\\/kplano.com\\\/site\\\/wp-content\\\/uploads\\\/2021\\\/01\\\/page16.jpg\",\"https:\\\/\\\/kplano.com\\\/site\\\/wp-content\\\/uploads\\\/2021\\\/01\\\/page17.jpg\",\"https:\\\/\\\/kplano.com\\\/site\\\/wp-content\\\/uploads\\\/2021\\\/01\\\/page19.jpg\",\"https:\\\/\\\/kplano.com\\\/site\\\/wp-content\\\/uploads\\\/2021\\\/01\\\/page20.jpg\",\"https:\\\/\\\/kplano.com\\\/site\\\/wp-content\\\/uploads\\\/2021\\\/01\\\/page21.jpg\",\"https:\\\/\\\/kplano.com\\\/site\\\/wp-content\\\/uploads\\\/2021\\\/01\\\/page22.jpg\",\"https:\\\/\\\/kplano.com\\\/site\\\/wp-content\\\/uploads\\\/2021\\\/01\\\/page23.jpg\",\"https:\\\/\\\/kplano.com\\\/site\\\/wp-content\\\/uploads\\\/2021\\\/01\\\/page24.jpg\",\"https:\\\/\\\/kplano.com\\\/site\\\/wp-content\\\/uploads\\\/2021\\\/01\\\/page25.jpg\",\"https:\\\/\\\/kplano.com\\\/site\\\/wp-content\\\/uploads\\\/2021\\\/01\\\/page26.jpg\",\"https:\\\/\\\/kplano.com\\\/site\\\/wp-content\\\/uploads\\\/2021\\\/01\\\/page27.jpg\",\"https:\\\/\\\/kplano.com\\\/site\\\/wp-content\\\/uploads\\\/2021\\\/01\\\/page28.jpg\",\"https:\\\/\\\/kplano.com\\\/site\\\/wp-content\\\/uploads\\\/2021\\\/01\\\/page29.jpg\",\"https:\\\/\\\/kplano.com\\\/site\\\/wp-content\\\/uploads\\\/2021\\\/01\\\/page32.jpg\",\"https:\\\/\\\/kplano.com\\\/site\\\/wp-content\\\/uploads\\\/2021\\\/01\\\/page34.jpg\",\"https:\\\/\\\/kplano.com\\\/site\\\/wp-content\\\/uploads\\\/2021\\\/01\\\/page35.jpg\",\"https:\\\/\\\/kplano.com\\\/site\\\/wp-content\\\/uploads\\\/2021\\\/01\\\/page36.jpg\",\"https:\\\/\\\/kplano.com\\\/site\\\/wp-content\\\/uploads\\\/2021\\\/01\\\/page37.jpg\",\"https:\\\/\\\/kplano.com\\\/site\\\/wp-content\\\/uploads\\\/2021\\\/01\\\/page38.jpg\",\"https:\\\/\\\/kplano.com\\\/site\\\/wp-content\\\/uploads\\\/2021\\\/01\\\/page39.jpg\",\"https:\\\/\\\/kplano.com\\\/site\\\/wp-content\\\/uploads\\\/2021\\\/01\\\/page40.jpg\",\"https:\\\/\\\/kplano.com\\\/site\\\/wp-content\\\/uploads\\\/2021\\\/01\\\/page41.jpg\",\"https:\\\/\\\/kplano.com\\\/site\\\/wp-content\\\/uploads\\\/2021\\\/01\\\/page42.jpg\",\"https:\\\/\\\/kplano.com\\\/site\\\/wp-content\\\/uploads\\\/2021\\\/01\\\/page43.jpg\",\"https:\\\/\\\/kplano.com\\\/site\\\/wp-content\\\/uploads\\\/2021\\\/01\\\/page44.jpg\",\"https:\\\/\\\/kplano.com\\\/site\\\/wp-content\\\/uploads\\\/2021\\\/01\\\/page45.jpg\",\"https:\\\/\\\/kplano.com\\\/site\\\/wp-content\\\/uploads\\\/2021\\\/01\\\/page46.jpg\",\"https:\\\/\\\/kplano.com\\\/site\\\/wp-content\\\/uploads\\\/2021\\\/01\\\/page47.jpg\",\"https:\\\/\\\/kplano.com\\\/site\\\/wp-content\\\/uploads\\\/2021\\\/01\\\/page48.jpg\",\"https:\\\/\\\/kplano.com\\\/site\\\/wp-content\\\/uploads\\\/2021\\\/01\\\/page49.jpg\",\"https:\\\/\\\/kplano.com\\\/site\\\/wp-content\\\/uploads\\\/2021\\\/01\\\/page50.jpg\",\"https:\\\/\\\/kplano.com\\\/site\\\/wp-content\\\/uploads\\\/2021\\\/01\\\/page51.jpg\",\"https:\\\/\\\/kplano.com\\\/site\\\/wp-content\\\/uploads\\\/2021\\\/01\\\/page52.jpg\",\"https:\\\/\\\/kplano.com\\\/site\\\/wp-content\\\/uploads\\\/2021\\\/01\\\/page53.jpg\",\"https:\\\/\\\/kplano.com\\\/site\\\/wp-content\\\/uploads\\\/2021\\\/01\\\/page54.jpg\",\"https:\\\/\\\/kplano.com\\\/site\\\/wp-content\\\/uploads\\\/2021\\\/01\\\/page55.jpg\",\"https:\\\/\\\/kplano.com\\\/site\\\/wp-content\\\/uploads\\\/2021\\\/01\\\/page56.jpg\",\"https:\\\/\\\/kplano.com\\\/site\\\/wp-content\\\/uploads\\\/2021\\\/01\\\/page57.jpg\",\"https:\\\/\\\/kplano.com\\\/site\\\/wp-content\\\/uploads\\\/2021\\\/01\\\/page58.jpg\",\"https:\\\/\\\/kplano.com\\\/site\\\/wp-content\\\/uploads\\\/2021\\\/01\\\/page59.jpg\",\"https:\\\/\\\/kplano.com\\\/site\\\/wp-content\\\/uploads\\\/2021\\\/01\\\/page60.jpg\",\"https:\\\/\\\/kplano.com\\\/site\\\/wp-content\\\/uploads\\\/2021\\\/01\\\/page61.jpg\",\"https:\\\/\\\/kplano.com\\\/site\\\/wp-content\\\/uploads\\\/2021\\\/01\\\/page62.jpg\",\"https:\\\/\\\/kplano.com\\\/site\\\/wp-content\\\/uploads\\\/2021\\\/01\\\/page63.jpg\",\"https:\\\/\\\/kplano.com\\\/site\\\/wp-content\\\/uploads\\\/2021\\\/01\\\/page64.jpg\",\"https:\\\/\\\/kplano.com\\\/site\\\/wp-content\\\/uploads\\\/2021\\\/01\\\/page65.jpg\",\"https:\\\/\\\/kplano.com\\\/site\\\/wp-content\\\/uploads\\\/2021\\\/01\\\/page66.jpg\",\"https:\\\/\\\/kplano.com\\\/site\\\/wp-content\\\/uploads\\\/2021\\\/01\\\/page67.jpg\",\"https:\\\/\\\/kplano.com\\\/site\\\/wp-content\\\/uploads\\\/2021\\\/01\\\/page68.jpg\",\"https:\\\/\\\/kplano.com\\\/site\\\/wp-content\\\/uploads\\\/2021\\\/01\\\/page69.jpg\",\"https:\\\/\\\/kplano.com\\\/site\\\/wp-content\\\/uploads\\\/2021\\\/01\\\/page70.jpg\",\"https:\\\/\\\/kplano.com\\\/site\\\/wp-content\\\/uploads\\\/2021\\\/01\\\/page71.jpg\",\"https:\\\/\\\/kplano.com\\\/site\\\/wp-content\\\/uploads\\\/2021\\\/01\\\/page72.jpg\",\"https:\\\/\\\/kplano.com\\\/site\\\/wp-content\\\/uploads\\\/2021\\\/01\\\/page73.jpg\",\"https:\\\/\\\/kplano.com\\\/site\\\/wp-content\\\/uploads\\\/2021\\\/01\\\/page74.jpg\",\"https:\\\/\\\/kplano.com\\\/site\\\/wp-content\\\/uploads\\\/2021\\\/01\\\/page75.jpg\",\"https:\\\/\\\/kplano.com\\\/site\\\/wp-content\\\/uploads\\\/2021\\\/01\\\/page76.jpg\",\"https:\\\/\\\/kplano.com\\\/site\\\/wp-content\\\/uploads\\\/2021\\\/01\\\/page77.jpg\",\"https:\\\/\\\/kplano.com\\\/site\\\/wp-content\\\/uploads\\\/2021\\\/01\\\/page78.jpg\",\"https:\\\/\\\/kplano.com\\\/site\\\/wp-content\\\/uploads\\\/2021\\\/01\\\/page79.jpg\",\"https:\\\/\\\/kplano.com\\\/site\\\/wp-content\\\/uploads\\\/2021\\\/01\\\/page80.jpg\",\"https:\\\/\\\/kplano.com\\\/site\\\/wp-content\\\/uploads\\\/2021\\\/01\\\/page81.jpg\",\"https:\\\/\\\/kplano.com\\\/site\\\/wp-content\\\/uploads\\\/2021\\\/01\\\/page82.jpg\",\"https:\\\/\\\/kplano.com\\\/site\\\/wp-content\\\/uploads\\\/2021\\\/01\\\/page83.jpg\",\"https:\\\/\\\/kplano.com\\\/site\\\/wp-content\\\/uploads\\\/2021\\\/01\\\/page84.jpg\",\"https:\\\/\\\/kplano.com\\\/site\\\/wp-content\\\/uploads\\\/2021\\\/01\\\/page85.jpg\",\"https:\\\/\\\/kplano.com\\\/site\\\/wp-content\\\/uploads\\\/2021\\\/01\\\/page86.jpg\",\"https:\\\/\\\/kplano.com\\\/site\\\/wp-content\\\/uploads\\\/2021\\\/01\\\/page87.jpg\",\"https:\\\/\\\/kplano.com\\\/site\\\/wp-content\\\/uploads\\\/2021\\\/01\\\/page88.jpg\",\"https:\\\/\\\/kplano.com\\\/site\\\/wp-content\\\/uploads\\\/2021\\\/01\\\/pagina_impar_02kp15.jpg\",\"https:\\\/\\\/kplano.com\\\/site\\\/wp-content\\\/uploads\\\/2021\\\/01\\\/pagina_impar_04e15kp15.jpg\",\"https:\\\/\\\/kplano.com\\\/site\\\/wp-content\\\/uploads\\\/2021\\\/01\\\/pagina_impar_13kp14.jpg\",\"https:\\\/\\\/kplano.com\\\/site\\\/wp-content\\\/uploads\\\/2021\\\/01\\\/pagina_impar_14kp13.jpg\",\"https:\\\/\\\/kplano.com\\\/site\\\/wp-content\\\/uploads\\\/2021\\\/01\\\/pagina_par_06kp12.jpg\",\"https:\\\/\\\/kplano.com\\\/site\\\/wp-content\\\/uploads\\\/2021\\\/01\\\/pagina_par_06kp16.jpg\",\"https:\\\/\\\/kplano.com\\\/site\\\/wp-content\\\/uploads\\\/2021\\\/01\\\/pagina_par_14kp15.jpg\",\"https:\\\/\\\/kplano.com\\\/site\\\/wp-content\\\/uploads\\\/2021\\\/01\\\/pagina_par_18kp14.jpg\",\"https:\\\/\\\/kplano.com\\\/site\\\/wp-content\\\/uploads\\\/2021\\\/01\\\/pagina_par_23kp13.jpg\",\"https:\\\/\\\/kplano.com\\\/site\\\/wp-content\\\/uploads\\\/2021\\\/01\\\/paginas_impar_19kp14.jpg\",\"https:\\\/\\\/kplano.com\\\/site\\\/wp-content\\\/uploads\\\/2021\\\/01\\\/final-2.jpg\"],\"wpOptions\":\"true\",\"links\":[[],[],[],[],[],[],[],[],[],[],[],[],[],[],[],[],[],[],[],[],[],[],[],[],[],[],[],[],[],[],[],[],[],[],[],[],[],[],[],[],[],[],[],[],[],[],[],[],[],[],[],[],[],[],[],[],[],[],[],[],[],[],[],[],[],[],[],[],[],[],[],[],[],[],[],[],[],[],[],[],[],[],[],[],[],[],[],[],[],[],[],[],[],[],[],[],[]]}; if(window.DFLIP && window.DFLIP.parseBooks){window.DFLIP.parseBooks();}<\/script>\n<\/div>\n<\/div>\n\n\n\n<p><\/p>\n<\/div>\n<\/div>\n\n\n\n<p class=\"has-text-align-right\"><sub>Documento dispon\u00edvel para download <a href=\"https:\/\/kplano.com\/projetos.pdf\" target=\"_blank\" rel=\"noreferrer noopener\">aqui<\/a>.<\/sub><\/p>\n","protected":false},"excerpt":{"rendered":"<p>Documento dispon\u00edvel para download aqui.<\/p>\n","protected":false},"author":1,"featured_media":0,"parent":0,"menu_order":0,"comment_status":"closed","ping_status":"closed","template":"","meta":[],"_links":{"self":[{"href":"https:\/\/kplano.com\/site\/index.php?rest_route=\/wp\/v2\/pages\/234"}],"collection":[{"href":"https:\/\/kplano.com\/site\/index.php?rest_route=\/wp\/v2\/pages"}],"about":[{"href":"https:\/\/kplano.com\/site\/index.php?rest_route=\/wp\/v2\/types\/page"}],"author":[{"embeddable":true,"href":"https:\/\/kplano.com\/site\/index.php?rest_route=\/wp\/v2\/users\/1"}],"replies":[{"embeddable":true,"href":"https:\/\/kplano.com\/site\/index.php?rest_route=%2Fwp%2Fv2%2Fcomments&post=234"}],"version-history":[{"count":5,"href":"https:\/\/kplano.com\/site\/index.php?rest_route=\/wp\/v2\/pages\/234\/revisions"}],"predecessor-version":[{"id":245,"href":"https:\/\/kplano.com\/site\/index.php?rest_route=\/wp\/v2\/pages\/234\/revisions\/245"}],"wp:attachment":[{"href":"https:\/\/kplano.com\/site\/index.php?rest_route=%2Fwp%2Fv2%2Fmedia&parent=234"}],"curies":[{"name":"wp","href":"https:\/\/api.w.org\/{rel}","templated":true}]}}